{"id":1273,"date":"2020-05-12T13:16:19","date_gmt":"2020-05-12T12:16:19","guid":{"rendered":"https:\/\/www.emilymacduff.com\/?page_id=1273"},"modified":"2020-07-15T11:33:21","modified_gmt":"2020-07-15T10:33:21","slug":"portrait-commissions-london","status":"publish","type":"page","link":"https:\/\/emilymacduffportraits.com\/de\/portrait-artist-london\/portraits\/portrait-commissions-london\/","title":{"rendered":"Portrait Commissions London"},"content":{"rendered":"<div class=\"wp-block-group\"><div class=\"wp-block-group__inner-container is-layout-flow wp-block-group-is-layout-flow\">\n<div class=\"wp-block-columns is-layout-flex wp-container-core-columns-is-layout-9d6595d7 wp-block-columns-is-layout-flex\">\n<div class=\"wp-block-column is-vertically-aligned-top is-layout-flow wp-block-column-is-layout-flow\" style=\"flex-basis:60%\">\n<div class=\"wp-block-image smallemaillink\"><figure class=\"aligncenter size-large\"><img decoding=\"async\" width=\"954\" height=\"711\" loading=\"lazy\" src=\"https:\/\/emilymacduffportraits.com\/wp-content\/uploads\/2020\/04\/Sitting-for-a-portrait-1.png\" alt=\"Sitting for a portrait - Evening at Mid-Shore\" class=\"wp-image-76\" title=\"Evening at Mid-Shore\" srcset=\"https:\/\/emilymacduffportraits.com\/wp-content\/uploads\/2020\/04\/Sitting-for-a-portrait-1.png 954w, https:\/\/emilymacduffportraits.com\/wp-content\/uploads\/2020\/04\/Sitting-for-a-portrait-1-300x224.png 300w, https:\/\/emilymacduffportraits.com\/wp-content\/uploads\/2020\/04\/Sitting-for-a-portrait-1-768x572.png 768w\" sizes=\"auto, (max-width: 954px) 100vw, 954px\" \/><\/figure><\/div>\n\n\n\n<p class=\"smallemaillink\"><em><a href=\"https:\/\/emilymacduffportraits.com\/de\/portrait-artist-london\/portraits\/evening-at-mid-shore\/\"><i>Evening at Mid-Shore<\/i><\/a><\/em><\/p>\n<\/div>\n\n\n\n<div class=\"wp-block-column is-layout-flow wp-block-column-is-layout-flow\">\n<div class=\"wp-block-image\"><figure class=\"aligncenter size-large\"><img decoding=\"async\" width=\"684\" height=\"1024\" loading=\"lazy\" src=\"https:\/\/emilymacduffportraits.com\/wp-content\/uploads\/2020\/05\/Evening-at-mid-shore-med-684x1024.jpg\" alt=\"Evening at Mid-Shore\" class=\"wp-image-1025\" srcset=\"https:\/\/emilymacduffportraits.com\/wp-content\/uploads\/2020\/05\/Evening-at-mid-shore-med-684x1024.jpg 684w, https:\/\/emilymacduffportraits.com\/wp-content\/uploads\/2020\/05\/Evening-at-mid-shore-med-200x300.jpg 200w, https:\/\/emilymacduffportraits.com\/wp-content\/uploads\/2020\/05\/Evening-at-mid-shore-med-768x1150.jpg 768w, https:\/\/emilymacduffportraits.com\/wp-content\/uploads\/2020\/05\/Evening-at-mid-shore-med-1026x1536.jpg 1026w, https:\/\/emilymacduffportraits.com\/wp-content\/uploads\/2020\/05\/Evening-at-mid-shore-med-1368x2048.jpg 1368w, https:\/\/emilymacduffportraits.com\/wp-content\/uploads\/2020\/05\/Evening-at-mid-shore-med.jpg 1469w\" sizes=\"auto, (max-width: 684px) 100vw, 684px\" \/><\/figure><\/div>\n<\/div>\n<\/div>\n\n\n\n<div style=\"height:100px\" aria-hidden=\"true\" class=\"wp-block-spacer\"><\/div>\n\n\n\n<div class=\"wp-block-group\"><div class=\"wp-block-group__inner-container is-layout-flow wp-block-group-is-layout-flow\">\n<div class=\"wp-block-columns are-vertically-aligned-top is-layout-flex wp-container-core-columns-is-layout-9d6595d7 wp-block-columns-is-layout-flex\">\n<div class=\"wp-block-column is-vertically-aligned-top is-layout-flow wp-block-column-is-layout-flow\" style=\"flex-basis:40%\">\n<div class=\"wp-block-image smallemaillink\"><figure class=\"aligncenter size-large is-resized\"><img decoding=\"async\" loading=\"lazy\" src=\"https:\/\/emilymacduffportraits.com\/wp-content\/uploads\/2020\/04\/Portrait-of-Moses-West-Ham-London-2020-768x1024.jpg\" alt=\"Portrait of Moses - West Ham London 2020\" class=\"wp-image-464\" width=\"384\" height=\"512\" srcset=\"https:\/\/emilymacduffportraits.com\/wp-content\/uploads\/2020\/04\/Portrait-of-Moses-West-Ham-London-2020-768x1024.jpg 768w, https:\/\/emilymacduffportraits.com\/wp-content\/uploads\/2020\/04\/Portrait-of-Moses-West-Ham-London-2020-225x300.jpg 225w, https:\/\/emilymacduffportraits.com\/wp-content\/uploads\/2020\/04\/Portrait-of-Moses-West-Ham-London-2020-1152x1536.jpg 1152w, https:\/\/emilymacduffportraits.com\/wp-content\/uploads\/2020\/04\/Portrait-of-Moses-West-Ham-London-2020-1536x2048.jpg 1536w, https:\/\/emilymacduffportraits.com\/wp-content\/uploads\/2020\/04\/Portrait-of-Moses-West-Ham-London-2020-scaled.jpg 1920w\" sizes=\"auto, (max-width: 384px) 100vw, 384px\" \/><figcaption class=\"translation-block\"><em><span style=\"color:#404040\" class=\"has-inline-color\"><a href=\"https:\/\/www.emilymacduff.com\/de\/portrait-artist-london\/portraits\/portrait-of-moses\/\" target=\"_self\">Portr\u00e4t von Moses<\/a> West Ham, London, 2020 Kopf und Schultern in 3\/4-Pose.<\/span><\/em><\/figcaption><\/figure><\/div>\n<\/div>\n\n\n\n<div class=\"wp-block-column is-vertically-aligned-top is-layout-flow wp-block-column-is-layout-flow\">\n<div style=\"width: 100%; text-align: center; margin: 0 auto 0 auto;\">\n<iframe loading=\"lazy\" class=\"videoWrapper\" src=\"https:\/\/www.youtube.com\/embed\/UzgQ-gvbjoY?autoplay=1&amp;controls=0&amp;fs=0&amp;loop=1&amp;playsinline=1&amp;color=white&amp;iv_load_policy=3\" allowfullscreen=\"\" width=\"392\" height=\"220\" frameborder=\"0\"><\/iframe>\n<\/div>\n\n\n\n<p><\/p>\n<\/div>\n<\/div>\n<\/div><\/div>\n\n\n\n<div style=\"height:100px\" aria-hidden=\"true\" class=\"wp-block-spacer\"><\/div>\n\n\n\n<div class=\"wp-block-columns is-layout-flex wp-container-core-columns-is-layout-9d6595d7 wp-block-columns-is-layout-flex\">\n<div class=\"wp-block-column is-layout-flow wp-block-column-is-layout-flow\" style=\"flex-basis:40%\">\n<div class=\"wp-block-image smallemaillink\"><figure class=\"aligncenter size-large\"><img decoding=\"async\" width=\"838\" height=\"1024\" loading=\"lazy\" src=\"https:\/\/emilymacduffportraits.com\/wp-content\/uploads\/2020\/04\/Portrait-of-Eleonora-Symphony-in-Grey-cropped-Florence-Italy-2017-now-in-London-838x1024.jpg\" alt=\"Portrait of Eleonora - Symphony in Grey - Florence Italy 2017 - not in London - currently at the Fraser Gallery St. Andrews\" class=\"wp-image-459\" srcset=\"https:\/\/emilymacduffportraits.com\/wp-content\/uploads\/2020\/04\/Portrait-of-Eleonora-Symphony-in-Grey-cropped-Florence-Italy-2017-now-in-London-838x1024.jpg 838w, https:\/\/emilymacduffportraits.com\/wp-content\/uploads\/2020\/04\/Portrait-of-Eleonora-Symphony-in-Grey-cropped-Florence-Italy-2017-now-in-London-246x300.jpg 246w, https:\/\/emilymacduffportraits.com\/wp-content\/uploads\/2020\/04\/Portrait-of-Eleonora-Symphony-in-Grey-cropped-Florence-Italy-2017-now-in-London-768x938.jpg 768w, https:\/\/emilymacduffportraits.com\/wp-content\/uploads\/2020\/04\/Portrait-of-Eleonora-Symphony-in-Grey-cropped-Florence-Italy-2017-now-in-London.jpg 1096w\" sizes=\"auto, (max-width: 838px) 100vw, 838px\" \/><figcaption class=\"translation-block\"><em>Portr\u00e4t von Eleonora \u2013 <a href=\"https:\/\/www.emilymacduff.com\/de\/portrait-artist-london\/portraits\/portrait-of-eleonora\/\" target=\"_self\">Symphonie in Grau<\/a> \u2013 Florenz, Italien, 2017 Kopf und Schultern in 3\/4-Pose<\/em><\/figcaption><\/figure><\/div>\n\n\n\n<p><\/p>\n<\/div>\n\n\n\n<div class=\"wp-block-column is-layout-flow wp-block-column-is-layout-flow\">\n<div class=\"wp-block-image smallemaillink\"><figure class=\"aligncenter size-large is-resized\"><img decoding=\"async\" loading=\"lazy\" src=\"https:\/\/emilymacduffportraits.com\/wp-content\/uploads\/2020\/04\/Sitting-for-a-portrait-2.png\" alt=\"Sitting for a portrait - Symphony in Grey\" class=\"wp-image-77\" width=\"537\" height=\"348\"\/><figcaption><em>Sitzen f\u00fcr ein Portr\u00e4t - Symphonie in Grau<\/em><\/figcaption><\/figure><\/div>\n<\/div>\n<\/div>\n\n\n\n<div style=\"height:100px\" aria-hidden=\"true\" class=\"wp-block-spacer\"><\/div>\n\n\n\n<div class=\"wp-block-columns is-layout-flex wp-container-core-columns-is-layout-9d6595d7 wp-block-columns-is-layout-flex\">\n<div class=\"wp-block-column is-layout-flow wp-block-column-is-layout-flow\" style=\"flex-basis:50%\">\n<figure class=\"wp-block-image size-large\"><img decoding=\"async\" width=\"1024\" height=\"681\" loading=\"lazy\" src=\"https:\/\/emilymacduffportraits.com\/wp-content\/uploads\/2020\/04\/Sitting-for-a-portrait-3-1024x681.png\" alt=\"Unveiling a portrait of Professor Dawn Oliver\" class=\"wp-image-78\" srcset=\"https:\/\/emilymacduffportraits.com\/wp-content\/uploads\/2020\/04\/Sitting-for-a-portrait-3-1024x681.png 1024w, https:\/\/emilymacduffportraits.com\/wp-content\/uploads\/2020\/04\/Sitting-for-a-portrait-3-300x199.png 300w, https:\/\/emilymacduffportraits.com\/wp-content\/uploads\/2020\/04\/Sitting-for-a-portrait-3-768x511.png 768w, https:\/\/emilymacduffportraits.com\/wp-content\/uploads\/2020\/04\/Sitting-for-a-portrait-3.png 1173w\" sizes=\"auto, (max-width: 1024px) 100vw, 1024px\" \/><figcaption class=\"smallemaillink\"><a href=\"https:\/\/emilymacduffportraits.com\/de\/portrait-artist-london\/portraits\/portrait-of-professor-dawn-oliver\/\"><i>Portr\u00e4t von Frau Professor Doktor Dawn Oliver<\/i><\/a><\/figcaption><\/figure>\n<\/div>\n\n\n\n<div class=\"wp-block-column is-layout-flow wp-block-column-is-layout-flow\" style=\"flex-basis:40%\">\n<figure class=\"wp-block-image size-large\"><img decoding=\"async\" width=\"701\" height=\"1024\" loading=\"lazy\" src=\"https:\/\/emilymacduffportraits.com\/wp-content\/uploads\/2020\/04\/Portrait-of-Professor-Dawn-Oliver-Treasurer-of-Middle-Temple-London-2018-701x1024.jpg\" alt=\"Portrait of Professor Dawn Oliver - Treasurer of the Middle Temple in London 2018\" class=\"wp-image-466\" srcset=\"https:\/\/emilymacduffportraits.com\/wp-content\/uploads\/2020\/04\/Portrait-of-Professor-Dawn-Oliver-Treasurer-of-Middle-Temple-London-2018-701x1024.jpg 701w, https:\/\/emilymacduffportraits.com\/wp-content\/uploads\/2020\/04\/Portrait-of-Professor-Dawn-Oliver-Treasurer-of-Middle-Temple-London-2018-205x300.jpg 205w, https:\/\/emilymacduffportraits.com\/wp-content\/uploads\/2020\/04\/Portrait-of-Professor-Dawn-Oliver-Treasurer-of-Middle-Temple-London-2018-768x1121.jpg 768w, https:\/\/emilymacduffportraits.com\/wp-content\/uploads\/2020\/04\/Portrait-of-Professor-Dawn-Oliver-Treasurer-of-Middle-Temple-London-2018-1052x1536.jpg 1052w, https:\/\/emilymacduffportraits.com\/wp-content\/uploads\/2020\/04\/Portrait-of-Professor-Dawn-Oliver-Treasurer-of-Middle-Temple-London-2018.jpg 1315w\" sizes=\"auto, (max-width: 701px) 100vw, 701px\" \/><figcaption class=\"smallemaillink\"><i>Portr\u00e4t von Frau Professor Doktor Dawn Oliver, Schatzmeisterin des Middle Temple. London, 2018 Kopf und Schultern in 3\/4 Pose<\/i><\/figcaption><\/figure>\n<\/div>\n<\/div>\n\n\n\n<p><\/p>\n\n\n\n<div style=\"height:100px\" aria-hidden=\"true\" class=\"wp-block-spacer\"><\/div>\n\n\n\n<div class=\"wp-block-columns is-layout-flex wp-container-core-columns-is-layout-9d6595d7 wp-block-columns-is-layout-flex\">\n<div class=\"wp-block-column is-layout-flow wp-block-column-is-layout-flow\" style=\"flex-basis:60%\">\n<figure class=\"wp-block-image size-full smallemaillink\"><img decoding=\"async\" width=\"900\" height=\"700\" loading=\"lazy\" src=\"https:\/\/emilymacduffportraits.com\/wp-content\/uploads\/2020\/05\/LondonMap.png\" alt=\"London City\" class=\"wp-image-1283\" srcset=\"https:\/\/emilymacduffportraits.com\/wp-content\/uploads\/2020\/05\/LondonMap.png 900w, https:\/\/emilymacduffportraits.com\/wp-content\/uploads\/2020\/05\/LondonMap-300x233.png 300w, https:\/\/emilymacduffportraits.com\/wp-content\/uploads\/2020\/05\/LondonMap-768x597.png 768w\" sizes=\"auto, (max-width: 900px) 100vw, 900px\" \/><figcaption>Deutschlands Bundesl\u00e4nder<\/figcaption><\/figure>\n<\/div>\n\n\n\n<div class=\"wp-block-column is-layout-flow wp-block-column-is-layout-flow\">\n<p class=\"smallemaillink\"><p><\/p>Ein Spezialkurier, der gegen Sch\u00e4den versichert ist, kann die \u00d6lgem\u00e4lde, Portr\u00e4ts und andere abgeschlossen Arbeiten zu Ihnen nach Hause liefern. Die Lieferzeit z.B. nach Nordrhein-Westfalen, Bayern oder Baden-W\u00fcrttemberg betr\u00e4gt ca. 3 Werktage. Sollte ein Aufttrag vor Ort gew\u00fcnscht sein, dann komme ich auch gerne nach Berlin, K\u00f6ln, M\u00fcnchen, Hamburg, Stuttgart, D\u00fcsseldorf, Dresden, Leipzig, G\u00f6ttingen und viele andere St\u00e4dte im sch\u00f6nen Deutschland.<\/p>\n\n\n\n<p><\/p>\n<\/div>\n<\/div>\n\n\n\n<p><\/p>\n<\/div><\/div>\n\n\n\n<div style=\"height:100px\" aria-hidden=\"true\" class=\"wp-block-spacer\"><\/div>\n\n\n\n<div><h4 style=\"font-weight:800\">Anfragen und weitere Informationen:<\/h4>\n\t<ul style=\"list-style-type:circle\">\n\t\t<li class=\"translation-block\"><a href=\"#desc\" target=\"_self\">Welche Art von Portr\u00e4ts werden \u00fcblicherweise in Auftrag gegeben?<\/a><\/li>\n\t\t<li class=\"translation-block\"><a href=\"#size\" target=\"_self\">Welche Gr\u00f6\u00dfen sind erh\u00e4ltlich?<\/a><\/li>\n\t\t<li class=\"translation-block\"><a href=\"#material\" target=\"_self\">Was macht \u00d6lfarbe so interessant und einzigartig?<\/a><\/li>\n\t\t<li class=\"translation-block\"><a href=\"#sitting\" target=\"_self\">Wie viele Sitzungen sind erforderlich?<\/a><\/li>\n\t\t<li><a href=\"#sitting\"><a href=\"#commission-process\">Was ist am Prozess der Inbetriebnahme beteiligt?<\/a>\n\t\t<\/li>\n\t\t<li class=\"translation-block\">f\u00fcr alle anderen Fragen z\u00f6gern Sie bitte nicht, <a href=\"#contact-emily\" target=\"_self\">mich zu kontaktieren<\/a>.<\/li>\n\t<\/ul>  \n<\/div>\n\n\n\n<div style=\"height:100px\" aria-hidden=\"true\" class=\"wp-block-spacer\"><\/div>","protected":false},"excerpt":{"rendered":"","protected":false},"author":1,"featured_media":459,"parent":202,"menu_order":0,"comment_status":"closed","ping_status":"closed","template":"Template-Portrait-Page.php","meta":{"nf_dc_page":"","footnotes":""},"class_list":["post-1273","page","type-page","status-publish","has-post-thumbnail","hentry"],"yoast_head":"<!-- This site is optimized with the Yoast SEO plugin v27.3 - https:\/\/yoast.com\/product\/yoast-seo-wordpress\/ -->\n<title>Portrait Commissions London - Emily Macduff<\/title>\n<meta name=\"description\" content=\"Classically trained Artist invites Portrait Commissions in London. Portraiture &amp; Oil Painted Reproductions of the highest quality available in custom sizes\" \/>\n<meta name=\"robots\" content=\"index, follow, max-snippet:-1, max-image-preview:large, max-video-preview:-1\" \/>\n<link rel=\"canonical\" href=\"https:\/\/www.emilymacduff.com\/portrait-artist-london\/portraits\/portrait-commissions-london\/\" \/>\n<meta property=\"og:locale\" content=\"de_DE\" \/>\n<meta property=\"og:type\" content=\"article\" \/>\n<meta property=\"og:title\" content=\"Portrait Commissions London - Emily Macduff\" \/>\n<meta property=\"og:description\" content=\"Classically trained Artist invites Portrait Commissions in London. Portraiture &amp; Oil Painted Reproductions of the highest quality available in custom sizes\" \/>\n<meta property=\"og:url\" content=\"https:\/\/www.emilymacduff.com\/portrait-artist-london\/portraits\/portrait-commissions-london\/\" \/>\n<meta property=\"og:site_name\" content=\"Emily Macduff\" \/>\n<meta property=\"article:publisher\" content=\"https:\/\/www.facebook.com\/emily.macduff.5\" \/>\n<meta property=\"article:modified_time\" content=\"2020-07-15T10:33:21+00:00\" \/>\n<meta property=\"og:image\" content=\"https:\/\/www.emilymacduff.com\/wp-content\/uploads\/2020\/04\/Portrait-of-Eleonora-Symphony-in-Grey-cropped-Florence-Italy-2017-now-in-London.jpg\" \/>\n\t<meta property=\"og:image:width\" content=\"1096\" \/>\n\t<meta property=\"og:image:height\" content=\"1339\" \/>\n\t<meta property=\"og:image:type\" content=\"image\/jpeg\" \/>\n<meta name=\"twitter:card\" content=\"summary_large_image\" \/>\n<script type=\"application\/ld+json\" class=\"yoast-schema-graph\">{\"@context\":\"https:\\\/\\\/schema.org\",\"@graph\":[{\"@type\":\"WebPage\",\"@id\":\"https:\\\/\\\/www.emilymacduff.com\\\/de\\\/portrait-artist-london\\\/portraits\\\/portrait-commissions-london\\\/\",\"url\":\"https:\\\/\\\/www.emilymacduff.com\\\/portrait-artist-london\\\/portraits\\\/portrait-commissions-london\\\/\",\"name\":\"Portrait Commissions London - Emily Macduff\",\"isPartOf\":{\"@id\":\"https:\\\/\\\/www.emilymacduff.com\\\/#website\"},\"primaryImageOfPage\":{\"@id\":\"https:\\\/\\\/www.emilymacduff.com\\\/portrait-artist-london\\\/portraits\\\/portrait-commissions-london\\\/#primaryimage\"},\"image\":{\"@id\":\"https:\\\/\\\/www.emilymacduff.com\\\/portrait-artist-london\\\/portraits\\\/portrait-commissions-london\\\/#primaryimage\"},\"thumbnailUrl\":\"https:\\\/\\\/emilymacduffportraits.com\\\/wp-content\\\/uploads\\\/2020\\\/04\\\/Portrait-of-Eleonora-Symphony-in-Grey-cropped-Florence-Italy-2017-now-in-London.jpg\",\"datePublished\":\"2020-05-12T12:16:19+00:00\",\"dateModified\":\"2020-07-15T10:33:21+00:00\",\"description\":\"Classically trained Artist invites Portrait Commissions in London. Portraiture & Oil Painted Reproductions of the highest quality available in custom sizes\",\"breadcrumb\":{\"@id\":\"https:\\\/\\\/www.emilymacduff.com\\\/portrait-artist-london\\\/portraits\\\/portrait-commissions-london\\\/#breadcrumb\"},\"inLanguage\":\"de\",\"potentialAction\":[{\"@type\":\"ReadAction\",\"target\":[\"https:\\\/\\\/www.emilymacduff.com\\\/portrait-artist-london\\\/portraits\\\/portrait-commissions-london\\\/\"]}]},{\"@type\":\"ImageObject\",\"inLanguage\":\"de\",\"@id\":\"https:\\\/\\\/www.emilymacduff.com\\\/portrait-artist-london\\\/portraits\\\/portrait-commissions-london\\\/#primaryimage\",\"url\":\"https:\\\/\\\/emilymacduffportraits.com\\\/wp-content\\\/uploads\\\/2020\\\/04\\\/Portrait-of-Eleonora-Symphony-in-Grey-cropped-Florence-Italy-2017-now-in-London.jpg\",\"contentUrl\":\"https:\\\/\\\/emilymacduffportraits.com\\\/wp-content\\\/uploads\\\/2020\\\/04\\\/Portrait-of-Eleonora-Symphony-in-Grey-cropped-Florence-Italy-2017-now-in-London.jpg\",\"width\":1096,\"height\":1339,\"caption\":\"Portrait of Eleonora Title - Symphony in Grey Florence, Italy, 2017 Head and shoulders 3\\\/4 pose\"},{\"@type\":\"BreadcrumbList\",\"@id\":\"https:\\\/\\\/www.emilymacduff.com\\\/portrait-artist-london\\\/portraits\\\/portrait-commissions-london\\\/#breadcrumb\",\"itemListElement\":[{\"@type\":\"ListItem\",\"position\":1,\"name\":\"Home\",\"item\":\"https:\\\/\\\/www.emilymacduff.com\\\/\"},{\"@type\":\"ListItem\",\"position\":2,\"name\":\"Portrait Artist\",\"item\":\"https:\\\/\\\/www.emilymacduff.com\\\/\"},{\"@type\":\"ListItem\",\"position\":3,\"name\":\"Portraits\",\"item\":\"https:\\\/\\\/www.emilymacduff.com\\\/de\\\/portrait-artist-london\\\/portraits\\\/\"},{\"@type\":\"ListItem\",\"position\":4,\"name\":\"Portrait Commissions London\"}]},{\"@type\":\"WebSite\",\"@id\":\"https:\\\/\\\/www.emilymacduff.com\\\/#website\",\"url\":\"https:\\\/\\\/www.emilymacduff.com\\\/\",\"name\":\"Emily Macduff\",\"description\":\"Portrait Painter &amp; Fine Artist\",\"publisher\":{\"@id\":\"https:\\\/\\\/www.emilymacduff.com\\\/#\\\/schema\\\/person\\\/a56406f1446dfacc648886a6a615ff7c\"},\"potentialAction\":[{\"@type\":\"SearchAction\",\"target\":{\"@type\":\"EntryPoint\",\"urlTemplate\":\"https:\\\/\\\/www.emilymacduff.com\\\/?s={search_term_string}\"},\"query-input\":{\"@type\":\"PropertyValueSpecification\",\"valueRequired\":true,\"valueName\":\"search_term_string\"}}],\"inLanguage\":\"de\"},{\"@type\":[\"Person\",\"Organization\"],\"@id\":\"https:\\\/\\\/www.emilymacduff.com\\\/#\\\/schema\\\/person\\\/a56406f1446dfacc648886a6a615ff7c\",\"name\":\"admin\",\"image\":{\"@type\":\"ImageObject\",\"inLanguage\":\"de\",\"@id\":\"https:\\\/\\\/emilymacduffportraits.com\\\/wp-content\\\/uploads\\\/2020\\\/04\\\/EmilyHeadshotLrg.png\",\"url\":\"https:\\\/\\\/emilymacduffportraits.com\\\/wp-content\\\/uploads\\\/2020\\\/04\\\/EmilyHeadshotLrg.png\",\"contentUrl\":\"https:\\\/\\\/emilymacduffportraits.com\\\/wp-content\\\/uploads\\\/2020\\\/04\\\/EmilyHeadshotLrg.png\",\"width\":300,\"height\":299,\"caption\":\"admin\"},\"logo\":{\"@id\":\"https:\\\/\\\/emilymacduffportraits.com\\\/wp-content\\\/uploads\\\/2020\\\/04\\\/EmilyHeadshotLrg.png\"},\"description\":\"Emily Macduff is a classically-trained artist who specialises in portraiture. Since graduating from the Florence Academy of Art in 2017, she has moved to London to follow the dream of setting up her own studio, inviting commissions and painting stunning oil pictures in her own brand of classical style.\",\"sameAs\":[\"https:\\\/\\\/emilymacduffportraits.com\",\"https:\\\/\\\/www.facebook.com\\\/emily.macduff.5\",\"https:\\\/\\\/www.instagram.com\\\/emily_macduff\\\/?hl=en\",\"https:\\\/\\\/www.linkedin.com\\\/in\\\/emily-macduff-38749619b\\\/?originalSubdomain=uk\",\"https:\\\/\\\/www.youtube.com\\\/channel\\\/UCxuSshLpfZjwseTDsaQOW9g\"]}]}<\/script>\n<!-- \/ Yoast SEO plugin. -->","yoast_head_json":{"title":"Portrait Commissions London - Emily Macduff","description":"Classically trained Artist invites Portrait Commissions in London. Portraiture & Oil Painted Reproductions of the highest quality available in custom sizes","robots":{"index":"index","follow":"follow","max-snippet":"max-snippet:-1","max-image-preview":"max-image-preview:large","max-video-preview":"max-video-preview:-1"},"canonical":"https:\/\/www.emilymacduff.com\/portrait-artist-london\/portraits\/portrait-commissions-london\/","og_locale":"de_DE","og_type":"article","og_title":"Portrait Commissions London - Emily Macduff","og_description":"Classically trained Artist invites Portrait Commissions in London. Portraiture & Oil Painted Reproductions of the highest quality available in custom sizes","og_url":"https:\/\/www.emilymacduff.com\/portrait-artist-london\/portraits\/portrait-commissions-london\/","og_site_name":"Emily Macduff","article_publisher":"https:\/\/www.facebook.com\/emily.macduff.5","article_modified_time":"2020-07-15T10:33:21+00:00","og_image":[{"width":1096,"height":1339,"url":"https:\/\/www.emilymacduff.com\/wp-content\/uploads\/2020\/04\/Portrait-of-Eleonora-Symphony-in-Grey-cropped-Florence-Italy-2017-now-in-London.jpg","type":"image\/jpeg"}],"twitter_card":"summary_large_image","schema":{"@context":"https:\/\/schema.org","@graph":[{"@type":"WebPage","@id":"https:\/\/www.emilymacduff.com\/de\/portrait-artist-london\/portraits\/portrait-commissions-london\/","url":"https:\/\/www.emilymacduff.com\/portrait-artist-london\/portraits\/portrait-commissions-london\/","name":"Portrait Commissions London - Emily Macduff","isPartOf":{"@id":"https:\/\/www.emilymacduff.com\/#website"},"primaryImageOfPage":{"@id":"https:\/\/www.emilymacduff.com\/portrait-artist-london\/portraits\/portrait-commissions-london\/#primaryimage"},"image":{"@id":"https:\/\/www.emilymacduff.com\/portrait-artist-london\/portraits\/portrait-commissions-london\/#primaryimage"},"thumbnailUrl":"https:\/\/emilymacduffportraits.com\/wp-content\/uploads\/2020\/04\/Portrait-of-Eleonora-Symphony-in-Grey-cropped-Florence-Italy-2017-now-in-London.jpg","datePublished":"2020-05-12T12:16:19+00:00","dateModified":"2020-07-15T10:33:21+00:00","description":"Classically trained Artist invites Portrait Commissions in London. Portraiture & Oil Painted Reproductions of the highest quality available in custom sizes","breadcrumb":{"@id":"https:\/\/www.emilymacduff.com\/portrait-artist-london\/portraits\/portrait-commissions-london\/#breadcrumb"},"inLanguage":"de","potentialAction":[{"@type":"ReadAction","target":["https:\/\/www.emilymacduff.com\/portrait-artist-london\/portraits\/portrait-commissions-london\/"]}]},{"@type":"ImageObject","inLanguage":"de","@id":"https:\/\/www.emilymacduff.com\/portrait-artist-london\/portraits\/portrait-commissions-london\/#primaryimage","url":"https:\/\/emilymacduffportraits.com\/wp-content\/uploads\/2020\/04\/Portrait-of-Eleonora-Symphony-in-Grey-cropped-Florence-Italy-2017-now-in-London.jpg","contentUrl":"https:\/\/emilymacduffportraits.com\/wp-content\/uploads\/2020\/04\/Portrait-of-Eleonora-Symphony-in-Grey-cropped-Florence-Italy-2017-now-in-London.jpg","width":1096,"height":1339,"caption":"Portrait of Eleonora Title - Symphony in Grey Florence, Italy, 2017 Head and shoulders 3\/4 pose"},{"@type":"BreadcrumbList","@id":"https:\/\/www.emilymacduff.com\/portrait-artist-london\/portraits\/portrait-commissions-london\/#breadcrumb","itemListElement":[{"@type":"ListItem","position":1,"name":"Home","item":"https:\/\/www.emilymacduff.com\/"},{"@type":"ListItem","position":2,"name":"Portrait Artist","item":"https:\/\/www.emilymacduff.com\/"},{"@type":"ListItem","position":3,"name":"Portraits","item":"https:\/\/www.emilymacduff.com\/de\/portrait-artist-london\/portraits\/"},{"@type":"ListItem","position":4,"name":"Portrait Commissions London"}]},{"@type":"WebSite","@id":"https:\/\/www.emilymacduff.com\/#website","url":"https:\/\/www.emilymacduff.com\/","name":"Emily Macduff","description":"Portr\u00e4tmalerin und bildende K\u00fcnstlerin","publisher":{"@id":"https:\/\/www.emilymacduff.com\/#\/schema\/person\/a56406f1446dfacc648886a6a615ff7c"},"potentialAction":[{"@type":"SearchAction","target":{"@type":"EntryPoint","urlTemplate":"https:\/\/www.emilymacduff.com\/?s={search_term_string}"},"query-input":{"@type":"PropertyValueSpecification","valueRequired":true,"valueName":"search_term_string"}}],"inLanguage":"de"},{"@type":["Person","Organization"],"@id":"https:\/\/www.emilymacduff.com\/#\/schema\/person\/a56406f1446dfacc648886a6a615ff7c","name":"admin","image":{"@type":"ImageObject","inLanguage":"de","@id":"https:\/\/emilymacduffportraits.com\/wp-content\/uploads\/2020\/04\/EmilyHeadshotLrg.png","url":"https:\/\/emilymacduffportraits.com\/wp-content\/uploads\/2020\/04\/EmilyHeadshotLrg.png","contentUrl":"https:\/\/emilymacduffportraits.com\/wp-content\/uploads\/2020\/04\/EmilyHeadshotLrg.png","width":300,"height":299,"caption":"admin"},"logo":{"@id":"https:\/\/emilymacduffportraits.com\/wp-content\/uploads\/2020\/04\/EmilyHeadshotLrg.png"},"description":"Emily Macduff is a classically-trained artist who specialises in portraiture. Since graduating from the Florence Academy of Art in 2017, she has moved to London to follow the dream of setting up her own studio, inviting commissions and painting stunning oil pictures in her own brand of classical style.","sameAs":["https:\/\/emilymacduffportraits.com","https:\/\/www.facebook.com\/emily.macduff.5","https:\/\/www.instagram.com\/emily_macduff\/?hl=en","https:\/\/www.linkedin.com\/in\/emily-macduff-38749619b\/?originalSubdomain=uk","https:\/\/www.youtube.com\/channel\/UCxuSshLpfZjwseTDsaQOW9g"]}]}},"_links":{"self":[{"href":"https:\/\/emilymacduffportraits.com\/de\/wp-json\/wp\/v2\/pages\/1273","targetHints":{"allow":["GET"]}}],"collection":[{"href":"https:\/\/emilymacduffportraits.com\/de\/wp-json\/wp\/v2\/pages"}],"about":[{"href":"https:\/\/emilymacduffportraits.com\/de\/wp-json\/wp\/v2\/types\/page"}],"author":[{"embeddable":true,"href":"https:\/\/emilymacduffportraits.com\/de\/wp-json\/wp\/v2\/users\/1"}],"replies":[{"embeddable":true,"href":"https:\/\/emilymacduffportraits.com\/de\/wp-json\/wp\/v2\/comments?post=1273"}],"version-history":[{"count":5,"href":"https:\/\/emilymacduffportraits.com\/de\/wp-json\/wp\/v2\/pages\/1273\/revisions"}],"predecessor-version":[{"id":1666,"href":"https:\/\/emilymacduffportraits.com\/de\/wp-json\/wp\/v2\/pages\/1273\/revisions\/1666"}],"up":[{"embeddable":true,"href":"https:\/\/emilymacduffportraits.com\/de\/wp-json\/wp\/v2\/pages\/202"}],"wp:featuredmedia":[{"embeddable":true,"href":"https:\/\/emilymacduffportraits.com\/de\/wp-json\/wp\/v2\/media\/459"}],"wp:attachment":[{"href":"https:\/\/emilymacduffportraits.com\/de\/wp-json\/wp\/v2\/media?parent=1273"}],"curies":[{"name":"wp","href":"https:\/\/api.w.org\/{rel}","templated":true}]}}